{"id":814,"date":"2025-09-03T20:18:46","date_gmt":"2025-09-03T18:18:46","guid":{"rendered":"https:\/\/www.lebelage.fr\/?page_id=814"},"modified":"2026-01-15T11:01:11","modified_gmt":"2026-01-15T10:01:11","slug":"sejour-au-pays-basque","status":"publish","type":"page","link":"https:\/\/www.lebelage.fr\/index.php\/sejour-au-pays-basque\/","title":{"rendered":"S\u00c9JOUR AU PAYS BASQUE"},"content":{"rendered":"<p><b>Documentation et le bulletin d\u2019inscription<em> (avec les consignes pour le r\u00e8glement \u00e9chelonn\u00e9)<\/em> concernant le s\u00e9jour \u00e0 Biarritz avec excursions au Pays basque.<\/b><\/p>\n<p><strong><span style=\"color: #ffffff;\"><span style=\"background-color: #ff0000;\">S\u00e9jour de 8 Jours\/7 Nuits du 19 au 26 septembre 2026<\/span>,<\/span> au Domaine de Fran\u00e7on, propri\u00e9t\u00e9 (avec un parc arbor\u00e9) g\u00e9r\u00e9e par VTF, au prix de\u00a0:<\/strong><\/p>\n<p align=\"center\"><b>1280 <span style=\"background-color: #ffffff;\">euros\/personne<\/span><\/b> en chambre partag\u00e9e<\/p>\n<p align=\"center\"><b>1335 euros\/personne<\/b> en chambre simple (nombre limit\u00e9)<\/p>\n<p><i>R\u00e8glement \u00e9chelonn\u00e9 de janvier \u00e0 ao\u00fbt 2026, suivant \u00e9ch\u00e9ancier joint au bulletin d\u2019inscription.<\/i><\/p>\n<p><b>Programme<\/b><\/p>\n<p style=\"padding-left: 40px;\"><strong>Jour 1\u00a0: Ermont-Eaubonne Autocar et Train Paris Montparnasse\u2013 Biarritz<\/strong><br \/>\n<strong>D\u00e9part dans la matin\u00e9e, arriv\u00e9e \u00e0 Biarritz en fin d&rsquo;apr\u00e8s-midi.<\/strong><\/p>\n<p style=\"padding-left: 40px;\"><strong>Jour 2 :\u00a0 Cambo les bains \u2013 Arcangues \u2013 Bayonne<\/strong><\/p>\n<p style=\"padding-left: 40px;\"><strong>Jour 3\u00a0: La Maison Ortillopitz \u2013 Espelette<\/strong><\/p>\n<p style=\"padding-left: 40px;\"><strong>Jour 4\u00a0: Biarritz \u2013 Domaine de Fran\u00e7on<\/strong><\/p>\n<p style=\"padding-left: 40px;\"><strong>Jour 5\u00a0: La Rhune<\/strong><\/p>\n<p style=\"padding-left: 40px;\"><strong>Jour 6\u00a0: Saint Jean de Luz \u2013 Ascain<\/strong><\/p>\n<p style=\"padding-left: 40px;\"><strong>Jour 7\u00a0: Propri\u00e9t\u00e9 Abbadia \u2013 St Jean Pied de Port<\/strong><\/p>\n<p style=\"padding-left: 40px;\"><strong>Jour 8\u00a0: Biarritz Train Paris Montparnasse<\/strong><\/p>\n<p style=\"padding-left: 40px;\"><strong>D\u00e9part de Biarritz en train, fin de matin\u00e9e, retour Ermont Eaubonne en autocar, en fin d\u2019apr\u00e8s-midi<\/strong><\/p>\n<p>&nbsp;<\/p>\n<p><span style=\"font-size: 14pt;\"><b><a href=\"https:\/\/www.lebelage.fr\/index.php\/programme-du-sejour-au-pays-basque\/\" target=\"_blank\" rel=\"noopener\"><span style=\"color: #800000;\">Pour plus de d\u00e9tails, veuillez vous r\u00e9f\u00e9rer au programme d\u00e9taill\u00e9 ci-joint<\/span><\/a> <\/b><\/span><\/p>\n<p><span style=\"font-size: 14pt; color: #800000;\"><a style=\"color: #800000;\" href=\"https:\/\/www.lebelage.fr\/wp-content\/uploads\/2025\/09\/2026EcheancierBIARRITZ.pdf\" target=\"_blank\" rel=\"noopener\">T\u00e9l\u00e9chargez le bulletin d&rsquo;inscription et l\u2019\u00e9ch\u00e9ancier<\/a><\/span><\/p>\n<p>&nbsp;<\/p>\n<p><b>\u00a0<\/b><\/p>\n<div id=\"sconnect-is-installed\" style=\"display: none;\">2.15.1.0<\/div>\n<div id=\"sconnect-is-installed\" style=\"display: none;\">2.15.1.0<\/div>\n<div id=\"sconnect-is-installed\" style=\"display: none;\">2.15.1.0<\/div>\n<div id=\"sconnect-is-installed\" style=\"display: none;\">2.15.1.0<\/div>\n","protected":false},"excerpt":{"rendered":"<p>Documentation et le bulletin d\u2019inscription (avec les consignes pour le r\u00e8glement \u00e9chelonn\u00e9) concernant le s\u00e9jour \u00e0 Biarritz avec excursions au Pays basque. S\u00e9jour de 8 Jours\/7 Nuits du 19 au 26 septembre 2026, au Domaine de Fran\u00e7on, propri\u00e9t\u00e9 (avec un&#8230; <a href=\"https:\/\/www.lebelage.fr\/index.php\/sejour-au-pays-basque\/\" class=\"readmore\">Read more<span class=\"screen-reader-text\">S\u00c9JOUR AU PAYS BASQUE<\/span><span class=\"fa fa-angle-double-right\" aria-hidden=\"true\"><\/span><\/a><\/p>\n","protected":false},"author":1,"featured_media":0,"parent":0,"menu_order":0,"comment_status":"closed","ping_status":"closed","template":"template\/full-width.php","meta":{"footnotes":""},"class_list":["post-814","page","type-page","status-publish","hentry"],"_links":{"self":[{"href":"https:\/\/www.lebelage.fr\/index.php\/wp-json\/wp\/v2\/pages\/814","targetHints":{"allow":["GET"]}}],"collection":[{"href":"https:\/\/www.lebelage.fr\/index.php\/wp-json\/wp\/v2\/pages"}],"about":[{"href":"https:\/\/www.lebelage.fr\/index.php\/wp-json\/wp\/v2\/types\/page"}],"author":[{"embeddable":true,"href":"https:\/\/www.lebelage.fr\/index.php\/wp-json\/wp\/v2\/users\/1"}],"replies":[{"embeddable":true,"href":"https:\/\/www.lebelage.fr\/index.php\/wp-json\/wp\/v2\/comments?post=814"}],"version-history":[{"count":5,"href":"https:\/\/www.lebelage.fr\/index.php\/wp-json\/wp\/v2\/pages\/814\/revisions"}],"predecessor-version":[{"id":932,"href":"https:\/\/www.lebelage.fr\/index.php\/wp-json\/wp\/v2\/pages\/814\/revisions\/932"}],"wp:attachment":[{"href":"https:\/\/www.lebelage.fr\/index.php\/wp-json\/wp\/v2\/media?parent=814"}],"curies":[{"name":"wp","href":"https:\/\/api.w.org\/{rel}","templated":true}]}}