{"id":308,"date":"2023-11-02T16:53:50","date_gmt":"2023-11-02T15:53:50","guid":{"rendered":"http:\/\/www.lebelage.fr\/?page_id=308"},"modified":"2025-05-22T11:58:16","modified_gmt":"2025-05-22T09:58:16","slug":"phototheque","status":"publish","type":"page","link":"https:\/\/www.lebelage.fr\/index.php\/phototheque\/","title":{"rendered":"PHOTOTH\u00c8QUE"},"content":{"rendered":"<p><span style=\"color: #993300;\"><strong>Cette phototh\u00e8que se remplira au fur \u00e0 mesure des activit\u00e9s<\/strong><\/span><\/p>\n<p>&nbsp;<\/p>\n<p style=\"padding-left: 40px;\"><a href=\"https:\/\/www.lebelage.fr\/index.php\/sorties-2\/\"><span style=\"font-size: 14pt;\">Sorties, balades, voyages <\/span><span style=\"font-size: 14pt;\"><span style=\"font-size: 12pt;\"><em>(8 photos)<\/em><\/span><\/span><\/a><\/p>\n<p style=\"padding-left: 40px;\"><a href=\"https:\/\/www.lebelage.fr\/index.php\/les-joueurs-de-cartes\/\"><span style=\"font-size: 14pt;\">Les joueurs de cartes<em><span style=\"font-size: 12pt;\"> (5 photos)<\/span><\/em><\/span><\/a><\/p>\n<p style=\"padding-left: 40px;\"><a href=\"https:\/\/www.lebelage.fr\/index.php\/le-bel-age-au-telethon\/\"><span style=\"font-size: 14pt;\">Le T\u00e9l\u00e9thon 2023 <em><span style=\"font-size: 12pt;\">(3 photos)<\/span><\/em><\/span><\/a><\/p>\n<p style=\"padding-left: 40px;\"><a href=\"https:\/\/www.lebelage.fr\/index.php\/philarmonique\/\"><span style=\"font-size: 14pt;\">Sortie \u00e0 la Philharmonie le 10 f\u00e9vrier 2024<em><span style=\"font-size: 12pt;\"> (3\u00a0 photos)<\/span><\/em><\/span><\/a><\/p>\n<p style=\"padding-left: 40px;\"><a href=\"https:\/\/www.lebelage.fr\/index.php\/balades-de-juin\/\"><span style=\"font-size: 14pt;\">Balades du lundi<em> (5 photos)\u00a0<\/em><\/span><\/a><\/p>\n<p style=\"text-align: left;\"><span style=\"font-size: 14pt;\">\u00a0\u00a0\u00a0\u00a0\u00a0\u00a0\u00a0 <a href=\"https:\/\/www.lebelage.fr\/index.php\/activites\/\">Nos ateliers (2 photos)<\/a><\/span><\/p>\n","protected":false},"excerpt":{"rendered":"<p>Cette phototh\u00e8que se remplira au fur \u00e0 mesure des activit\u00e9s &nbsp; Sorties, balades, voyages (8 photos) Les joueurs de cartes (5 photos) Le T\u00e9l\u00e9thon 2023 (3 photos) Sortie \u00e0 la Philharmonie le 10 f\u00e9vrier 2024 (3\u00a0 photos) Balades du lundi&#8230; <a href=\"https:\/\/www.lebelage.fr\/index.php\/phototheque\/\" class=\"readmore\">Read more<span class=\"screen-reader-text\">PHOTOTH\u00c8QUE<\/span><span class=\"fa fa-angle-double-right\" aria-hidden=\"true\"><\/span><\/a><\/p>\n","protected":false},"author":1,"featured_media":0,"parent":0,"menu_order":0,"comment_status":"closed","ping_status":"closed","template":"template\/full-width.php","meta":{"footnotes":""},"class_list":["post-308","page","type-page","status-publish","hentry"],"_links":{"self":[{"href":"https:\/\/www.lebelage.fr\/index.php\/wp-json\/wp\/v2\/pages\/308","targetHints":{"allow":["GET"]}}],"collection":[{"href":"https:\/\/www.lebelage.fr\/index.php\/wp-json\/wp\/v2\/pages"}],"about":[{"href":"https:\/\/www.lebelage.fr\/index.php\/wp-json\/wp\/v2\/types\/page"}],"author":[{"embeddable":true,"href":"https:\/\/www.lebelage.fr\/index.php\/wp-json\/wp\/v2\/users\/1"}],"replies":[{"embeddable":true,"href":"https:\/\/www.lebelage.fr\/index.php\/wp-json\/wp\/v2\/comments?post=308"}],"version-history":[{"count":26,"href":"https:\/\/www.lebelage.fr\/index.php\/wp-json\/wp\/v2\/pages\/308\/revisions"}],"predecessor-version":[{"id":750,"href":"https:\/\/www.lebelage.fr\/index.php\/wp-json\/wp\/v2\/pages\/308\/revisions\/750"}],"wp:attachment":[{"href":"https:\/\/www.lebelage.fr\/index.php\/wp-json\/wp\/v2\/media?parent=308"}],"curies":[{"name":"wp","href":"https:\/\/api.w.org\/{rel}","templated":true}]}}