{"id":30,"date":"2023-09-16T00:22:26","date_gmt":"2023-09-15T22:22:26","guid":{"rendered":"http:\/\/www.lebelage.fr\/?page_id=30"},"modified":"2025-09-03T18:28:20","modified_gmt":"2025-09-03T16:28:20","slug":"activites-au-local","status":"publish","type":"page","link":"https:\/\/www.lebelage.fr\/index.php\/activites-au-local\/","title":{"rendered":"LES ACTIVIT\u00c9S AU LOCAL"},"content":{"rendered":"<p style=\"text-align: left;\"><span style=\"color: #993300;\"><strong>Mardi Apr\u00e8s midi<br \/>\n<\/strong><\/span>Ateliers Fils et Aiguilles (tricot, crochet, couture)<br \/>\nJeux de cartes &#8211; autres jeux<\/p>\n<p><strong><span style=\"color: #993300;\">Jeudi Apr\u00e8s midi<br \/>\n<\/span><\/strong>Ateliers Cr\u00e9atifs, bois, bijoux,<br \/>\nJeux de cartes &#8211; autres jeux<\/p>\n<p><strong><span style=\"color: #993300;\">Vendredi Apr\u00e8s midi<br \/>\n<\/span><\/strong>Jeux de cartes &#8211; autres jeux<\/p>\n<p><span style=\"color: #ff0000;\"><strong>\u00a0\u00a0<\/strong><\/span><\/p>\n<p><strong><span style=\"color: #993300;\"><span style=\"font-size: 12pt;\">R\u00c9UNIONS HORS LOCAL<\/span> <\/span><br \/>\n<\/strong><\/p>\n<p><strong>08 janvier\u00a0<\/strong> Galette apr\u00e8s balade du lundi matin<\/p>\n<p><strong>13 janvier\u00a0 <\/strong>Assembl\u00e9e G\u00e9n\u00e9rale suivie d&rsquo;un d\u00e9jeuner<\/p>\n<div id=\"sconnect-is-installed\" style=\"display: none;\">2.15.1.0<\/div>\n<div id=\"sconnect-is-installed\" style=\"display: none;\">2.15.1.0<\/div>\n<div id=\"sconnect-is-installed\" style=\"display: none;\">2.15.1.0<\/div>\n<div id=\"sconnect-is-installed\" style=\"display: none;\">2.15.1.0<\/div>\n<div id=\"sconnect-is-installed\" style=\"display: none;\">2.15.1.0<\/div>\n","protected":false},"excerpt":{"rendered":"<p>Mardi Apr\u00e8s midi Ateliers Fils et Aiguilles (tricot, crochet, couture) Jeux de cartes &#8211; autres jeux Jeudi Apr\u00e8s midi Ateliers Cr\u00e9atifs, bois, bijoux, Jeux de cartes &#8211; autres jeux Vendredi Apr\u00e8s midi Jeux de cartes &#8211; autres jeux \u00a0\u00a0 R\u00c9UNIONS&#8230; <a href=\"https:\/\/www.lebelage.fr\/index.php\/activites-au-local\/\" class=\"readmore\">Read more<span class=\"screen-reader-text\">LES ACTIVIT\u00c9S AU LOCAL<\/span><span class=\"fa fa-angle-double-right\" aria-hidden=\"true\"><\/span><\/a><\/p>\n","protected":false},"author":1,"featured_media":0,"parent":0,"menu_order":0,"comment_status":"closed","ping_status":"closed","template":"template\/full-width.php","meta":{"footnotes":""},"class_list":["post-30","page","type-page","status-publish","hentry"],"_links":{"self":[{"href":"https:\/\/www.lebelage.fr\/index.php\/wp-json\/wp\/v2\/pages\/30","targetHints":{"allow":["GET"]}}],"collection":[{"href":"https:\/\/www.lebelage.fr\/index.php\/wp-json\/wp\/v2\/pages"}],"about":[{"href":"https:\/\/www.lebelage.fr\/index.php\/wp-json\/wp\/v2\/types\/page"}],"author":[{"embeddable":true,"href":"https:\/\/www.lebelage.fr\/index.php\/wp-json\/wp\/v2\/users\/1"}],"replies":[{"embeddable":true,"href":"https:\/\/www.lebelage.fr\/index.php\/wp-json\/wp\/v2\/comments?post=30"}],"version-history":[{"count":16,"href":"https:\/\/www.lebelage.fr\/index.php\/wp-json\/wp\/v2\/pages\/30\/revisions"}],"predecessor-version":[{"id":809,"href":"https:\/\/www.lebelage.fr\/index.php\/wp-json\/wp\/v2\/pages\/30\/revisions\/809"}],"wp:attachment":[{"href":"https:\/\/www.lebelage.fr\/index.php\/wp-json\/wp\/v2\/media?parent=30"}],"curies":[{"name":"wp","href":"https:\/\/api.w.org\/{rel}","templated":true}]}}