{"id":129,"date":"2023-09-29T18:05:22","date_gmt":"2023-09-29T16:05:22","guid":{"rendered":"http:\/\/www.lebelage.fr\/index.php\/forum\/"},"modified":"2025-10-15T22:49:05","modified_gmt":"2025-10-15T20:49:05","slug":"forum","status":"publish","type":"page","link":"https:\/\/www.lebelage.fr\/index.php\/forum\/","title":{"rendered":"DOCUMENTS"},"content":{"rendered":"<p><span style=\"font-size: 12pt;\"><strong>Cette page permet de t\u00e9l\u00e9charger les documents que vous pourrez ensuite <span style=\"color: #ff0000;\">remplir et <\/span><\/strong><\/span><strong><span style=\"font-size: 12pt; color: #ff0000;\">retourner <\/span><br \/>\n<\/strong><span style=\"font-size: 12pt; color: #000080;\"><strong>&#8211; soit \u00a0par la poste \u00a0Le Bel Age 8 rue Gu\u00e9rin Drouin 95120 Ermont,<br \/>\n<\/strong><strong>&#8211; soit \u00e0 mettre dans la bo\u00eete aux lettres du Bel Age,<br \/>\n<\/strong><strong>&#8211; soit par mail si possible,<br \/>\n<\/strong><strong> &#8211; soit remettre le lundi matin \u00a0\u00e0 Michel Duc ou Fran\u00e7oise Leclercq ou Claudine Bertrand<br \/>\n<\/strong><\/span><\/p>\n<p>&nbsp;<\/p>\n<p><a href=\"https:\/\/www.lebelage.fr\/wp-content\/uploads\/2023\/10\/Les-Activites-du-BEL-AGE-et-contacts.docx\" target=\"_blank\" rel=\"noopener\"><span style=\"font-family: comic sans ms, sans-serif; font-size: 12pt; color: #993300;\"><span style=\"font-size: 14pt;\">Les activit\u00e9s du Bel Age et les contacts<\/span><\/span><\/a><\/p>\n<p><span style=\"font-family: comic sans ms, sans-serif; font-size: 14pt; color: #993300;\"><a style=\"color: #993300;\" href=\"https:\/\/www.lebelage.fr\/wp-content\/uploads\/2023\/10\/fiche-demande-informations.docx\" target=\"_blank\" rel=\"noopener\">Fiche de demande d&rsquo;information<\/a><\/span><\/p>\n<p><a href=\"https:\/\/www.lebelage.fr\/wp-content\/uploads\/2024\/11\/Adhesion.pdf\" target=\"_blank\" rel=\"noopener\"><span style=\"font-family: comic sans ms, sans-serif; font-size: 14pt; color: #ff0000;\">Fiche d\u2019adh\u00e9sion \u00e0 l&rsquo;association<\/span><\/a><\/p>\n<p><a href=\"https:\/\/www.lebelage.fr\/wp-content\/uploads\/2025\/10\/2-Bulletins-inscription-en-PDF.pdf\" target=\"_blank\" rel=\"noopener\"><span style=\"font-family: comic sans ms, sans-serif; font-size: 14pt; color: #993300;\">Bulletin d\u2019inscription pour les sorties<\/span><\/a><\/p>\n<p><a href=\"https:\/\/www.lebelage.fr\/wp-content\/uploads\/2024\/03\/BULLETIN-covoiurage.docx\" target=\"_blank\" rel=\"noopener\"><span style=\"font-family: comic sans ms, sans-serif; font-size: 14pt; color: #993300;\">Bulletin d\u2019inscription pour les sorties avec co-voiturage<\/span><\/a><\/p>\n<p><a href=\"https:\/\/www.lebelage.fr\/wp-content\/uploads\/2023\/11\/Bulletin-Inscription-Sejour-Voyages-Escapades.docx\" target=\"_blank\" rel=\"noopener\"><span style=\"font-family: comic sans ms, sans-serif; font-size: 14pt; color: #993300;\">Bulletin d&rsquo;Inscription S\u00e9jours ou Voyages\/Escapades<\/span><\/a><\/p>\n<p>&nbsp;<\/p>\n<p>&nbsp;<\/p>\n<p>&nbsp;<\/p>\n<div id=\"sconnect-is-installed\" style=\"display: none;\">2.15.1.0<\/div>\n","protected":false},"excerpt":{"rendered":"<p>Cette page permet de t\u00e9l\u00e9charger les documents que vous pourrez ensuite remplir et retourner &#8211; soit \u00a0par la poste \u00a0Le Bel Age 8 rue Gu\u00e9rin Drouin 95120 Ermont, &#8211; soit \u00e0 mettre dans la bo\u00eete aux lettres du Bel Age,&#8230; <a href=\"https:\/\/www.lebelage.fr\/index.php\/forum\/\" class=\"readmore\">Read more<span class=\"screen-reader-text\">DOCUMENTS<\/span><span class=\"fa fa-angle-double-right\" aria-hidden=\"true\"><\/span><\/a><\/p>\n","protected":false},"author":1,"featured_media":0,"parent":0,"menu_order":0,"comment_status":"closed","ping_status":"closed","template":"template\/full-width.php","meta":{"footnotes":""},"class_list":["post-129","page","type-page","status-publish","hentry"],"_links":{"self":[{"href":"https:\/\/www.lebelage.fr\/index.php\/wp-json\/wp\/v2\/pages\/129","targetHints":{"allow":["GET"]}}],"collection":[{"href":"https:\/\/www.lebelage.fr\/index.php\/wp-json\/wp\/v2\/pages"}],"about":[{"href":"https:\/\/www.lebelage.fr\/index.php\/wp-json\/wp\/v2\/types\/page"}],"author":[{"embeddable":true,"href":"https:\/\/www.lebelage.fr\/index.php\/wp-json\/wp\/v2\/users\/1"}],"replies":[{"embeddable":true,"href":"https:\/\/www.lebelage.fr\/index.php\/wp-json\/wp\/v2\/comments?post=129"}],"version-history":[{"count":36,"href":"https:\/\/www.lebelage.fr\/index.php\/wp-json\/wp\/v2\/pages\/129\/revisions"}],"predecessor-version":[{"id":869,"href":"https:\/\/www.lebelage.fr\/index.php\/wp-json\/wp\/v2\/pages\/129\/revisions\/869"}],"wp:attachment":[{"href":"https:\/\/www.lebelage.fr\/index.php\/wp-json\/wp\/v2\/media?parent=129"}],"curies":[{"name":"wp","href":"https:\/\/api.w.org\/{rel}","templated":true}]}}